{"id":759,"date":"2022-01-19T09:28:39","date_gmt":"2022-01-19T08:28:39","guid":{"rendered":"http:\/\/www.smup.jst.org.pl\/?page_id=759"},"modified":"2023-02-02T16:54:03","modified_gmt":"2023-02-02T15:54:03","slug":"o-szkoleniach","status":"publish","type":"page","link":"https:\/\/www.smup.jst.org.pl\/index.php\/o-szkoleniach\/","title":{"rendered":"O szkoleniach"},"content":{"rendered":"\n<p><strong>Celem szkole\u0144 jest przekazanie informacji na temat Systemu Monitorowania Us\u0142ug Publicznych (SMUP), uruchomionego 1 grudnia 2021 roku.<\/strong><br>System jest dost\u0119pny pod adresem: <strong><a href=\"https:\/\/smup.gov.pl\">https:\/\/smup.gov.pl<\/a><\/strong><\/p>\n\n\n\n<p><\/p>\n\n\n\n<p class=\"has-medium-font-size\">Adresaci<\/p>\n\n\n\n<p><strong>Szkolenia s\u0105 przeznaczone dla pracownik\u00f3w jednostek samorz\u0105du terytorialnego<\/strong>, kt\u00f3rzy s\u0105 <strong>pracownikami samorz\u0105dowymi<\/strong> w rozumieniu ustawy z dnia 21 listopada 2008 r. o pracownikach samorz\u0105dowych i kierowane s\u0105 do os\u00f3b, kt\u00f3re na co dzie\u0144 <strong>monitoruj\u0105 i zarz\u0105dzaj\u0105<\/strong> us\u0142ugami publicznymi w jednostkach samorz\u0105du terytorialnego.<\/p>\n\n\n\n<p><\/p>\n\n\n\n<p class=\"has-medium-font-size\">Tematyka<\/p>\n\n\n\n<p>Uczestnik szkolenia pozna system monitorowania us\u0142ug z jednego z obszar\u00f3w tematycznych SMUP, wybranego podczas rejestracji na szkolenia (np. edukacja, gospodarowanie nieruchomo\u015bciami, ochrona \u015brodowiska, podatki i op\u0142aty lokalne, kultura i rekreacja).<\/p>\n\n\n\n<p>Zaj\u0119cia ka\u017cdorazowo poprowadz\u0105 eksperci w zakresie danego obszaru us\u0142ug samorz\u0105dowych.<\/p>\n\n\n\n<p><strong>Przedstawicielom kadry zarz\u0105dzaj\u0105cej oraz pracownikom zajmuj\u0105cym si\u0119 dzia\u0142aniami rozwojowymi i strategicznymi polecamy szczeg\u00f3lnie udzia\u0142 w oferowanych szkoleniach strategicznych.<\/strong><\/p>\n\n\n\n<p>Pe\u0142na lista aktualnie dost\u0119pnych obszar\u00f3w szkole\u0144 i planowany harmonogram znajduje si\u0119 w zak\u0142adce <strong><em><a href=\"https:\/\/www.smup.jst.org.pl\/index.php\/do-pobrania\/\" target=\"_blank\" rel=\"noreferrer noopener\">Do pobrania<\/a><\/em><\/strong>.<\/p>\n\n\n\n<p>Odpowiedzi na dodatkowe pytania dotycz\u0105ce organizowanych szkole\u0144 dost\u0119pne s\u0105 tak\u017ce w zak\u0142adce <strong><a rel=\"noreferrer noopener\" href=\"https:\/\/www.smup.jst.org.pl\/index.php\/faq\/\" target=\"_blank\"><em>FAQ<\/em><\/a><\/strong><\/p>\n\n\n\n<p><\/p>\n\n\n\n<p class=\"has-medium-font-size\">Forma<\/p>\n\n\n\n<p>Szkolenia (<strong>bezp\u0142atne<\/strong>) organizowane b\u0119d\u0105 w dw\u00f3ch formach:<\/p>\n\n\n\n<ul class=\"wp-block-list\">\n<li><strong>online <\/strong>(4 godziny zaj\u0119\u0107);<\/li>\n\n\n\n<li><strong>stacjonarnej <\/strong>(3 dwudniowe zjazdy; zaj\u0119cia w formule okre\u015blanej jako <strong>Grupy Wymiany Do\u015bwiadcze\u0144<\/strong>).<\/li>\n<\/ul>\n\n\n\n<p><strong>Szkolenia online<\/strong><\/p>\n\n\n\n<ul class=\"wp-block-list\">\n<li>jednodniowe szkolenia prowadzone zdalnie na platformie udost\u0119pnionej przez organizatora szkole\u0144 (Zwi\u0105zek Powiat\u00f3w Polskich &#8211; ZPP lub Zwi\u0105zek Miast Polskich &#8211; ZMP), np. MS Teams lub ZOOM;<\/li>\n\n\n\n<li>realizowane w dni robocze, w godzinach 9:00-14:00<\/li>\n\n\n\n<li>podzielone na dwa bloki \u2013 teoretyczny (2 godziny) i praktyczny (2 godziny):\n<ul class=\"wp-block-list\">\n<li>cz\u0119\u015b\u0107 teoretyczna: og\u00f3lne informacje o narz\u0119dziu, monitorowanych us\u0142ugach publicznych i podstawowych funkcjonalno\u015bciach <strong>SMUP<\/strong>;<\/li>\n\n\n\n<li>cz\u0119\u015b\u0107 praktyczna: \u0107wiczenia z wykorzystania funkcjonalno\u015bci <strong>SMUP<\/strong>;<\/li>\n\n\n\n<li>ramowy program szkole\u0144 online dost\u0119pny jest w zak\u0142adce <strong><em><a href=\"https:\/\/www.smup.jst.org.pl\/index.php\/do-pobrania\/\" target=\"_blank\" rel=\"noreferrer noopener\">Do pobrania<\/a><\/em><\/strong>.<\/li>\n<\/ul>\n<\/li>\n<\/ul>\n\n\n\n<p><strong>Szkolenia stacjonarne<\/strong><\/p>\n\n\n\n<ul class=\"wp-block-list\">\n<li>odb\u0119d\u0105 si\u0119 w kilku miastach na terenie Polski i b\u0119d\u0105 mia\u0142y form\u0119 3 dwudniowych zjazd\u00f3w (\u0142\u0105cznie 6 dni; o ile przepisy i warunki epidemiczne na to pozwol\u0105);<\/li>\n\n\n\n<li>koszty dojazdu, noclegu i wy\u017cywienia zostan\u0105 pokryte ze \u015brodk\u00f3w ww. projektu;<\/li>\n\n\n\n<li>spotkania realizowane b\u0119d\u0105 \u015brednio co 3 tygodnie, a zaj\u0119cia odb\u0119d\u0105 si\u0119 w dni robocze;<\/li>\n\n\n\n<li>liczba uczestnik\u00f3w spotkania to ok. 15 os\u00f3b, reprezentuj\u0105cych od 5 do 8 samorz\u0105d\u00f3w (\u015brednio 2 osoby z ka\u017cdego jst);<\/li>\n\n\n\n<li>formu\u0142a, w kt\u00f3rej prowadzone b\u0119d\u0105 ww. szkolenia nosi nazw\u0119 Grup Wymiany Do\u015bwiadcze\u0144 (w skr\u00f3cie GWD). G\u0142\u00f3wny cel spotka\u0144 to wzajemne uczenie si\u0119 i wymiana do\u015bwiadcze\u0144 dotycz\u0105cych zarz\u0105dzania us\u0142ugami w samorz\u0105dzie (w ramach danego obszaru), w oparciu o analiz\u0119 danych zgromadzonych w systemie <strong>SMUP <\/strong>oraz do\u015bwiadczenie uczestnik\u00f3w, cz\u0119sto praktyk\u00f3w samorz\u0105dowych z wieloletnim sta\u017cem pracy;<\/li>\n\n\n\n<li>program ww. szkole\u0144 obejmie zakres tematyczny szkolenia online (w pierwszym dniu pierwszego zjazdu) oraz szczeg\u00f3\u0142ow\u0105 analiz\u0119 danych dost\u0119pnych w <strong>SMUP<\/strong> wraz z \u0107wiczeniami dotycz\u0105cymi wybranych podczas rejestracji us\u0142ug (w kolejnych dniach zjazd\u00f3w);<\/li>\n\n\n\n<li>ramowy program szkolenia stacjonarnego dost\u0119pny jest w zak\u0142adce <a href=\"https:\/\/www.smup.jst.org.pl\/index.php\/do-pobrania\/\" target=\"_blank\" rel=\"noreferrer noopener\"><strong><em>Do pobrania<\/em><\/strong><\/a>.<\/li>\n<\/ul>\n\n\n\n<p><\/p>\n\n\n\n<p class=\"has-medium-font-size\">Organizatorzy<\/p>\n\n\n\n<p>Szkolenia organizowane s\u0105 przez <strong>Zwi\u0105zek Powiat\u00f3w Polskich<\/strong> oraz <strong>Zwi\u0105zek Miast Polskich<\/strong> i b\u0119d\u0105 realizowane <strong>w 2022 r. oraz pierwszej po\u0142owie 2023 r.<\/strong><\/p>\n\n\n\n<p>Organizatorzy planuj\u0105 obj\u0105\u0107 nimi <strong>min. 577 jednostek samorz\u0105du terytorialnego<\/strong> z ca\u0142ego kraju.<\/p>\n\n\n\n<p>Aby wzi\u0105\u0107 udzia\u0142 w szkoleniach niezb\u0119dne jest wype\u0142nienie przez jednostk\u0119 samorz\u0105du terytorialnego <strong>formularza rejestracyjnego <\/strong>dost\u0119pnego pod adresem: <a rel=\"noreferrer noopener\" href=\"https:\/\/www.smup.jst.org.pl\/\" target=\"_blank\"><strong>smup.jst.org.pl<\/strong><\/a> (lub poni\u017cej).<\/p>\n\n\n\n<p>Przed wype\u0142nieniem formularza zg\u0142oszeniowego zach\u0119camy do zapoznania si\u0119 z <strong>zasadami rekrutacji<\/strong>, zamieszczonymi (wraz ze wzorem umowy, szczeg\u00f3\u0142owym harmonogramem szkole\u0144 i niezb\u0119dnymi za\u0142\u0105cznikami) na ww. stronie w zak\u0142adce <strong><em><a href=\"https:\/\/www.smup.jst.org.pl\/index.php\/do-pobrania\/\" target=\"_blank\" rel=\"noreferrer noopener\">Do pobrania<\/a><\/em><\/strong>.<\/p>\n\n\n\n<p><\/p>\n\n\n\n<p class=\"has-medium-font-size\">Zg\u0142oszenia<\/p>\n\n\n\n<p>Podstaw\u0105 udzia\u0142u w szkoleniach jest <strong>wype\u0142nienie formularza zg\u0142oszeniowego<\/strong> oraz <strong>podpisanie<\/strong> <strong>umowy przez jst<\/strong> z organizatorem szkole\u0144. Wz\u00f3r umowy dost\u0119pny jest  w zak\u0142adce <a href=\"https:\/\/www.smup.jst.org.pl\/index.php\/do-pobrania\/\" target=\"_blank\" rel=\"noreferrer noopener\"><strong><em>Do pobrania<\/em><\/strong><\/a>. <\/p>\n\n\n\n<p>.<\/p>\n\n\n\n<div class=\"wp-block-buttons is-layout-flex wp-block-buttons-is-layout-flex\">\n<div class=\"wp-block-button has-custom-width wp-block-button__width-100 has-custom-font-size has-medium-font-size\"><a class=\"wp-block-button__link has-white-color has-text-color has-background wp-element-button\" href=\"https:\/\/zpp.pl\/survey\/index.php\/89911\" style=\"background-color:#bed600\" target=\"_blank\" rel=\"noreferrer noopener\"><strong>ZG\u0141ASZAM JEDNOSTK\u0118 SAMORZ\u0104DU TERYTORIALNEGO NA SZKOLENIA<\/strong><\/a><\/div>\n<\/div>\n\n\n\n<p>.<\/p>\n\n\n\n<p><strong>Osoby ze szczeg\u00f3lnymi potrzebami<\/strong> (nie mog\u0105ce uzupe\u0142ni\u0107 formularza rejestracyjnego JST na szkolenia w zaproponowanej powy\u017cej formie) prosimy o kontakt:<\/p>\n\n\n\n<ul class=\"wp-block-list\">\n<li>dla <strong>os\u00f3b z powiat\u00f3w i miast na prawach powiatu<\/strong> \u2013 ZPP: Tomasz Sma\u015b, tel. 18 477 86 03, e-mail: szkolenia@zpp.pl<\/li>\n\n\n\n<li>dla <strong>os\u00f3b z gmin miejskich, wiejskich i miejsko-wiejskich<\/strong> \u2013 ZMP: El\u017cbieta Szarek, tel. 695 611 766, e-mail: szkolenia@zmp.poznan.pl<\/li>\n<\/ul>\n\n\n\n<p><\/p>\n","protected":false},"excerpt":{"rendered":"<p>Celem szkole\u0144 jest przekazanie informacji na temat Systemu Monitorowania Us\u0142ug Publicznych (SMUP), uruchomionego 1 grudnia 2021 roku.System jest dost\u0119pny pod adresem: https:\/\/smup.gov.pl Adresaci Szkolenia s\u0105 przeznaczone dla pracownik\u00f3w jednostek samorz\u0105du terytorialnego, kt\u00f3rzy s\u0105 pracownikami samorz\u0105dowymi w rozumieniu ustawy z dnia 21 listopada 2008 r. o pracownikach samorz\u0105dowych i kierowane s\u0105 do os\u00f3b, kt\u00f3re na co [&hellip;]<\/p>\n","protected":false},"author":1,"featured_media":0,"parent":0,"menu_order":0,"comment_status":"closed","ping_status":"closed","template":"","meta":{"footnotes":""},"class_list":["post-759","page","type-page","status-publish","hentry"],"_links":{"self":[{"href":"https:\/\/www.smup.jst.org.pl\/index.php\/wp-json\/wp\/v2\/pages\/759","targetHints":{"allow":["GET"]}}],"collection":[{"href":"https:\/\/www.smup.jst.org.pl\/index.php\/wp-json\/wp\/v2\/pages"}],"about":[{"href":"https:\/\/www.smup.jst.org.pl\/index.php\/wp-json\/wp\/v2\/types\/page"}],"author":[{"embeddable":true,"href":"https:\/\/www.smup.jst.org.pl\/index.php\/wp-json\/wp\/v2\/users\/1"}],"replies":[{"embeddable":true,"href":"https:\/\/www.smup.jst.org.pl\/index.php\/wp-json\/wp\/v2\/comments?post=759"}],"version-history":[{"count":18,"href":"https:\/\/www.smup.jst.org.pl\/index.php\/wp-json\/wp\/v2\/pages\/759\/revisions"}],"predecessor-version":[{"id":1193,"href":"https:\/\/www.smup.jst.org.pl\/index.php\/wp-json\/wp\/v2\/pages\/759\/revisions\/1193"}],"wp:attachment":[{"href":"https:\/\/www.smup.jst.org.pl\/index.php\/wp-json\/wp\/v2\/media?parent=759"}],"curies":[{"name":"wp","href":"https:\/\/api.w.org\/{rel}","templated":true}]}}