{"id":692,"date":"2022-01-05T10:27:03","date_gmt":"2022-01-05T09:27:03","guid":{"rendered":"http:\/\/www.smup.jst.org.pl\/?page_id=692"},"modified":"2023-02-02T16:39:19","modified_gmt":"2023-02-02T15:39:19","slug":"start","status":"publish","type":"page","link":"https:\/\/www.smup.jst.org.pl\/","title":{"rendered":"Nab\u00f3r na szkolenia"},"content":{"rendered":"\n<p class=\"has-text-align-left\">Zwi\u0105zek Powiat\u00f3w Polskich oraz Zwi\u0105zek Miast Polskich stale udost\u0119pniaj\u0105 nowe rozwi\u0105zania i narz\u0119dzia dla rozwoju jednostek samorz\u0105du terytorialnego. Jednym z nich jest nowy portal statystyczny GUS, prezentuj\u0105cy dane o us\u0142ugach publicznych w JST \u2013 <b>System Monitorowania Us\u0142ug Publicznych <\/b>(SMUP). Narz\u0119dzie to powsta\u0142o w wyniku wsp\u00f3lnie realizowanego projektu, prowadzonego przez Ministerstwo Spraw Wewn\u0119trznych i Administracji, przy wsp\u00f3\u0142pracy z G\u0142\u00f3wnym Urz\u0119dem Statystycznym oraz korporacjami samorz\u0105dowymi \u2013 Zwi\u0105zkiem Powiat\u00f3w Polskich i Zwi\u0105zkiem Miast Polskich.<\/p>\n\n\n\n<p class=\"has-text-align-left\">Dane zawarte w <b>SMUP<\/b> dotycz\u0105 ka\u017cdej jednostki samorz\u0105du terytorialnego oddzielnie, co pozwala na ocen\u0119 us\u0142ug w\u0142asnych (w oparciu o szereg wska\u017anik\u00f3w, w por\u00f3wnaniu z samorz\u0105dami s\u0105siednimi oraz podobnymi \u2013 z grupy por\u00f3wnawczej), a tak\u017ce umo\u017cliwia np. urozmaicenie raport\u00f3w o stanie danej JST. Portal SMUP dostarcza wiedzy statystycznej na temat us\u0142ug publicznych \u015bwiadczonych przez wszystkie gminy i powiaty w kraju, w podziale na: (1) edukacja; (2) kultura i rekreacja; (3) drogownictwo i transport; (4) ochrona \u015brodowiska; (5) gospodarowanie nieruchomo\u015bciami; (6) inwestycje i budownictwo; (7) geodezja i kartografia; (8) lokalna polityka spo\u0142eczna oraz (9) podatki i op\u0142aty lokalne.<\/p>\n\n\n\n<p class=\"has-text-align-left\"><strong>Z Systemu Monitorowania Us\u0142ug Publicznych (www.smup.gov.pl) mo\u017cna korzysta\u0107 przez interfejs podstawowy oraz zaawansowany. Dane w nim zawarte maj\u0105 charakter publiczny.<\/strong><\/p>\n\n\n\n<p><strong>Obecnie zapraszamy do zg\u0142oszenia udzia\u0142u swojego samorz\u0105du w kolejnym etapie wdra\u017cania SMUP w praktyce, czyli w cyklu szkole\u0144<\/strong>, kt\u00f3re:<\/p>\n\n\n\n<ul class=\"wp-block-list\">\n<li>b\u0119d\u0105 zorganizowane w formie <strong>szkole\u0144 online<\/strong> (jeden dzie\u0144, 2 cz\u0119\u015bci &#8211; podstawowa i praktyczna) oraz <strong>szkole\u0144 stacjonarnych<\/strong> (3 dwudniowe zjazdy, tzw. Grupy Wymiany Do\u015bwiadcze\u0144; o ile przepisy i warunki epidemiczne na to pozwol\u0105);<\/li>\n\n\n\n<li>b\u0119d\u0105 realizowane w okresie: I kwarta\u0142 2022 r. &#8211; II kwarta\u0142 2023 r., a <strong>udzia\u0142 w nich<\/strong> (tak jak w ca\u0142ym projekcie) <strong>jest bezp\u0142atny<\/strong>;<\/li>\n\n\n\n<li>b\u0119d\u0105 finansowanego ze \u015brodk\u00f3w <strong>Europejskiego Funduszu Spo\u0142ecznego<\/strong>, w ramach programu POWER 2.18 (przy zastosowaniu standardowych wymog\u00f3w projekt\u00f3w unijnych; szczeg\u00f3\u0142owo opisanych w projekcie umowy, kt\u00f3ry dostarczymy; dotycz\u0105cych zar\u00f3wno podmiot\u00f3w obj\u0119tych wsparciem jak i samych uczestnik\u00f3w);<\/li>\n\n\n\n<li>pozwol\u0105 Pa\u0144stwu, <strong>jako jednym z pierwszych w kraju<\/strong>, zapozna\u0107 si\u0119 z praktycznymi mo\u017cliwo\u015bciami wykorzystania informacji statystycznych zawartych w systemie SMUP, dotycz\u0105cymi us\u0142ug dostarczanych przez w\u0142asn\u0105 jednostk\u0119.<\/li>\n<\/ul>\n\n\n\n<p class=\"has-text-align-left\"><strong>Szczeg\u00f3\u0142owe informacje zwi\u0105zane z udzia\u0142em w poszczeg\u00f3lnych typach szkole\u0144 oraz niezb\u0119dne kwestie organizacyjne znajd\u0105 Pa\u0144stwo w dokumentacji, kt\u00f3r\u0105 prze\u015blemy po wst\u0119pnej deklaracji udzia\u0142u JST w szkoleniach.<\/strong><\/p>\n\n\n\n<p>Zach\u0119camy do rejestracji Pa\u0144stwa JST na szkolenia oraz zapoznania si\u0119 ze szczeg\u00f3\u0142owymi informacjami o nich (zak\u0142adka <em><strong><a href=\"https:\/\/www.smup.jst.org.pl\/index.php\/o-szkoleniach\/\" target=\"_blank\" rel=\"noreferrer noopener\">O szkoleniach<\/a><\/strong><\/em>), a tak\u017ce odpowiedziami na najcz\u0119\u015bciej zadawane pytania (zak\u0142adka <a href=\"https:\/\/www.smup.jst.org.pl\/index.php\/faq\/\" target=\"_blank\" rel=\"noreferrer noopener\"><strong><em>FAQ<\/em><\/strong><\/a>).<\/p>\n\n\n\n<div class=\"wp-block-columns is-layout-flex wp-container-core-columns-is-layout-9d6595d7 wp-block-columns-is-layout-flex\">\n<div class=\"wp-block-column is-layout-flow wp-block-column-is-layout-flow\"><\/div>\n\n\n\n<div class=\"wp-block-column is-layout-flow wp-block-column-is-layout-flow\"><\/div>\n<\/div>\n\n\n\n<div class=\"wp-block-buttons is-layout-flex wp-block-buttons-is-layout-flex\">\n<div class=\"wp-block-button has-custom-width wp-block-button__width-100 has-custom-font-size has-medium-font-size\"><a class=\"wp-block-button__link has-black-color has-text-color has-background wp-element-button\" href=\"https:\/\/zpp.pl\/survey\/index.php\/89911\" style=\"background-color:#bed600\" target=\"_blank\" rel=\"noreferrer noopener\">ZG\u0141ASZAM JEDNOSTK\u0118 SAMORZ\u0104DU TERYTORIALNEGO NA SZKOLENIA<\/a><\/div>\n<\/div>\n\n\n\n<p>.<\/p>\n\n\n\n<p><strong>Osoby ze szczeg\u00f3lnymi potrzebami<\/strong> (nie mog\u0105ce uzupe\u0142ni\u0107 formularza rejestracyjnego JST na szkolenia w zaproponowanej powy\u017cej formie) prosimy o kontakt: <\/p>\n\n\n\n<ul class=\"wp-block-list\">\n<li>przedstawiciele powiat\u00f3w i miast na prawach powiatu \u2013 ZPP: Tomasz Sma\u015b, tel. 18 477 86 03, e-mail: szkolenia@zpp.pl<\/li>\n\n\n\n<li>przedstawiciele gmin miejskich, wiejskich i miejsko-wiejskich \u2013 ZMP: El\u017cbieta Szarek, tel. 695 611 766, e-mail: szkolenia@zmp.poznan.pl<br><\/li>\n<\/ul>\n","protected":false},"excerpt":{"rendered":"<p>Zwi\u0105zek Powiat\u00f3w Polskich oraz Zwi\u0105zek Miast Polskich stale udost\u0119pniaj\u0105 nowe rozwi\u0105zania i narz\u0119dzia dla rozwoju jednostek samorz\u0105du terytorialnego. Jednym z nich jest nowy portal statystyczny GUS, prezentuj\u0105cy dane o us\u0142ugach publicznych w JST \u2013 System Monitorowania Us\u0142ug Publicznych (SMUP). Narz\u0119dzie to powsta\u0142o w wyniku wsp\u00f3lnie realizowanego projektu, prowadzonego przez Ministerstwo Spraw Wewn\u0119trznych i Administracji, przy [&hellip;]<\/p>\n","protected":false},"author":1,"featured_media":0,"parent":0,"menu_order":0,"comment_status":"closed","ping_status":"closed","template":"","meta":{"footnotes":""},"class_list":["post-692","page","type-page","status-publish","hentry"],"_links":{"self":[{"href":"https:\/\/www.smup.jst.org.pl\/index.php\/wp-json\/wp\/v2\/pages\/692","targetHints":{"allow":["GET"]}}],"collection":[{"href":"https:\/\/www.smup.jst.org.pl\/index.php\/wp-json\/wp\/v2\/pages"}],"about":[{"href":"https:\/\/www.smup.jst.org.pl\/index.php\/wp-json\/wp\/v2\/types\/page"}],"author":[{"embeddable":true,"href":"https:\/\/www.smup.jst.org.pl\/index.php\/wp-json\/wp\/v2\/users\/1"}],"replies":[{"embeddable":true,"href":"https:\/\/www.smup.jst.org.pl\/index.php\/wp-json\/wp\/v2\/comments?post=692"}],"version-history":[{"count":50,"href":"https:\/\/www.smup.jst.org.pl\/index.php\/wp-json\/wp\/v2\/pages\/692\/revisions"}],"predecessor-version":[{"id":1192,"href":"https:\/\/www.smup.jst.org.pl\/index.php\/wp-json\/wp\/v2\/pages\/692\/revisions\/1192"}],"wp:attachment":[{"href":"https:\/\/www.smup.jst.org.pl\/index.php\/wp-json\/wp\/v2\/media?parent=692"}],"curies":[{"name":"wp","href":"https:\/\/api.w.org\/{rel}","templated":true}]}}