{"id":664,"date":"2022-01-04T13:52:29","date_gmt":"2022-01-04T12:52:29","guid":{"rendered":"http:\/\/www.smup.jst.org.pl\/?page_id=664"},"modified":"2022-02-16T12:01:08","modified_gmt":"2022-02-16T11:01:08","slug":"faq","status":"publish","type":"page","link":"https:\/\/www.smup.jst.org.pl\/index.php\/faq\/","title":{"rendered":"FAQ"},"content":{"rendered":"\n<p style=\"font-size:24px\"><br><strong>Informacje na temat szkole\u0144 (Q&amp;A)<\/strong><\/p>\n\n\n\n<p><strong>1. <strong>Kto finansuje szkolenia?<\/strong><\/strong><\/p>\n\n\n\n<p>Planowane szkolenia b\u0119d\u0105 realizowane w ramach projektu \u201eSystem Monitorowania Us\u0142ug Publicznych \u2013 wdro\u017cenie SMUP\u201d, wsp\u00f3\u0142finansowanego przez Uni\u0119 Europejsk\u0105 ze \u015brodk\u00f3w Europejskiego Funduszu Spo\u0142ecznego oraz bud\u017cetu pa\u0144stwa, w ramach Programu Operacyjnego Wiedza Edukacja Rozw\u00f3j. W zwi\u0105zku z tym b\u0119d\u0105 stosowane standardowe wymogi projekt\u00f3w unijnych, dotycz\u0105ce zar\u00f3wno podmiot\u00f3w, kt\u00f3re mog\u0105 by\u0107 obj\u0119te wsparciem, jak i uczestnik\u00f3w.<\/p>\n\n\n\n<p><strong>Udzia\u0142 w szkoleniach jest dla Pa\u0144stwa bezp\u0142atny.<\/strong><\/p>\n\n\n\n<p><strong>2. Kiedy szkolenia b\u0119d\u0105 realizowane?<\/strong><\/p>\n\n\n\n<p>Szkolenia b\u0119d\u0105 realizowane od I kwarta\u0142u 2022 r. do ko\u0144ca II kwarta\u0142u 2023 r. W zak\u0142adce <strong><em><a rel=\"noreferrer noopener\" href=\"https:\/\/www.smup.jst.org.pl\/index.php\/do-pobrania\/\" target=\"_blank\">Do pobrania<\/a><\/em><\/strong> znajd\u0105 Pa\u0144stwo harmonogram planowanych szkole\u0144 (ostateczne terminy b\u0119d\u0105 potwierdzane uczestnikom sukcesywnie po rejestracji). Organizatorzy zastrzegaj\u0105 sobie prawo zmiany termin\u00f3w spotka\u0144 oraz sk\u0142adu grup.<\/p>\n\n\n\n<p><strong>3. Kto w szczeg\u00f3lno\u015bci powinien uczestniczy\u0107 w szkoleniach w ramach SMUP?<\/strong><\/p>\n\n\n\n<p>W szkoleniach powinni uczestniczy\u0107 pracownicy samorz\u0105dowi, w rozumieniu ustawy z dnia 21 listopada 2008 r. o pracownikach samorz\u0105dowych (Dz. U. Nr 223, poz. 1458 z p\u00f3\u017an. zm.), kt\u00f3rzy wykonuj\u0105 zadania z zakresu monitorowania i doskonalenia jako\u015bci us\u0142ug publicznych (w tym kadra zarz\u0105dzaj\u0105ca).<\/p>\n\n\n\n<p>Kwalifikacj\u0119 uczestnik\u00f3w na szkolenia nale\u017cy przeprowadzi\u0107 w odniesieniu do miejsca ich zatrudnienia (z powy\u017cszym zastrze\u017ceniem), czyli mog\u0105 to by\u0107 osoby pracuj\u0105ce w: urz\u0119dach JST, gminnych jednostkach bud\u017cetowych, powiatowych jednostkach organizacyjnych i samorz\u0105dowych zak\u0142adach bud\u017cetowych.<\/p>\n\n\n\n<p>W szkoleniach mog\u0105 wzi\u0105\u0107 udzia\u0142 r\u00f3wnie\u017c pracownicy zatrudnieni w samorz\u0105dowych jednostkach organizacyjnych pomocy spo\u0142ecznej, poniewa\u017c prawa i obowi\u0105zki tych os\u00f3b reguluj\u0105 przepisy ustawy o pracownikach samorz\u0105dowych (art. 123 ustawy o pomocy spo\u0142ecznej).<\/p>\n\n\n\n<p><strong>4. Kto NIE mo\u017ce uczestniczy\u0107 w szkoleniach w SMUP?<\/strong><\/p>\n\n\n\n<p>Zgodnie z obowi\u0105zuj\u0105c\u0105 ustaw\u0105 o pracownikach samorz\u0105dowych oraz wska\u017anikami obowi\u0105zuj\u0105cymi w SMUP, w szkoleniach <strong>NIE MO\u017bE<\/strong> uczestniczy\u0107 (nie jest pracownikiem samorz\u0105dowym) osoba, kt\u00f3ra \u2013 pomimo zatrudnienia w jednostce organizacyjnej utworzonej przez jst \u2013 ma swoje odr\u0119bne pragmatyki s\u0142u\u017cbowe. S\u0105 to np. (<strong>uwaga &#8211; lista nie jest pe\u0142na!<\/strong>):<br>\u2022 stra\u017cnicy gminni \u2013 co wynika z ustawy o stra\u017cach gminnych (chocia\u017c cz\u0119sto pracuj\u0105 w urz\u0119dzie jst),<br>\u2022 nauczyciele, dyrektorzy szk\u00f3\u0142 oraz plac\u00f3wek o\u015bwiatowych i ich zast\u0119pcy \u2013 zgodnie z ustaw\u0105 Karta Nauczyciela,<br>\u2022 pracownicy samorz\u0105dowych instytucji kultury \u2013 zgodnie z ustaw\u0105 o organizowaniu i prowadzeniu dzia\u0142alno\u015bci kulturalnej,<br>\u2022 pracownicy zatrudnieni w sp\u00f3\u0142kach samorz\u0105dowych, funkcjonuj\u0105cych zgodnie z Kodeksem Sp\u00f3\u0142ek Handlowych (odr\u0119bne od jst osoby prawne) \u2013 z wyj\u0105tkiem np. cz\u0142onk\u00f3w rad nadzorczych delegowanych z ramienia w\u0142a\u015bciciela, tj. pracownik\u00f3w zatrudnionych najcz\u0119\u015bciej w urz\u0119dach,<br> \u2022  radni.<\/p>\n\n\n\n<p>Ponadto \u2013 z uwagi na wymogi projektu \u2013 <strong>w szkoleniach nie mog\u0105 uczestniczy\u0107 jednostki samorz\u0105du terytorialnego bior\u0105ce udzia\u0142 w pilota\u017cowym procesie szkoleniowym<\/strong>. Pilota\u017c zosta\u0142 zrealizowany od wrze\u015bnia do grudnia 2021 i obj\u0119to nim 40 jst. Lista ww. samorz\u0105d\u00f3w dost\u0119pna jest w zak\u0142adce <strong><em><a rel=\"noreferrer noopener\" href=\"https:\/\/www.smup.jst.org.pl\/index.php\/do-pobrania\/\" target=\"_blank\">Do pobrania<\/a><\/em><\/strong>.<\/p>\n\n\n\n<p><strong>5. Jak\u0105 liczb\u0119 pracownik\u00f3w nale\u017cy zg\u0142osi\u0107 do projektu?<\/strong><\/p>\n\n\n\n<p>Liczba pracownik\u00f3w jst bior\u0105cych udzia\u0142 w projekcie powinna stanowi\u0107 <strong>co najmniej 10%<\/strong> pracownik\u00f3w wykonuj\u0105cych zadania z zakresu monitorowania i doskonalenia jako\u015bci us\u0142ug publicznych (w tym kadra zarz\u0105dzaj\u0105ca).<\/p>\n\n\n\n<p>Z do\u015bwiadcze\u0144 wynikaj\u0105cych z przeprowadzonego pilota\u017cu wynika, \u017ce liczba os\u00f3b, kt\u00f3re bior\u0105 udzia\u0142 w projekcie z danej jst zazwyczaj wi\u0105\u017ce si\u0119 z liczb\u0105 os\u00f3b zatrudnionych w urz\u0119dzie i zosta\u0142a okre\u015blona w nast\u0119puj\u0105cy spos\u00f3b:<br>\u2022 50 lub mniej pracownik\u00f3w \u2013 1 uczestnik szkolenia,<br>\u2022 od 51 do 150 pracownik\u00f3w \u2013 2 uczestnik\u00f3w szkolenia,<br>\u2022 od 151 do 300 pracownik\u00f3w \u2013 3 uczestnik\u00f3w szkolenia,<br>\u2022 od 301 do 600 pracownik\u00f3w \u2013 4 uczestnik\u00f3w szkolenia,<br>\u2022 powy\u017cej 600 pracownik\u00f3w \u2013 5 uczestnik\u00f3w szkolenia.<\/p>\n\n\n\n<p>Powy\u017csze przedzia\u0142y zosta\u0142y zdefiniowane w formularzu zg\u0142oszeniowym. Po wpisaniu w nim liczby os\u00f3b zatrudnionych w urz\u0119dzie gminy\/miasta lub w starostwie powiatowym automatycznie zostanie wskazana liczba uczestnik\u00f3w szkolenia, kt\u00f3r\u0105 mo\u017cna zg\u0142osi\u0107 z danej jst.<\/p>\n\n\n\n<p><strong>6. Jakie szkolenia s\u0105 planowane w ramach projektu?<\/strong><\/p>\n\n\n\n<p>1. Jednodniowe <strong>szkolenia online<\/strong> &#8211; sk\u0142adaj\u0105ce si\u0119 z cz\u0119\u015bci teoretycznej i praktycznej z wykorzystaniem dost\u0119pu do systemu; uczestnik szkolenia b\u0119dzie m\u00f3g\u0142 dokona\u0107 wyboru tematyki \u2013 w zaplanowanych na I p\u00f3\u0142rocze 2022 rok szkoleniach \u2013 z poni\u017cszych opcji:<\/p>\n\n\n\n<ul class=\"wp-block-list\"><li>szkolenie strategiczne (skierowane do os\u00f3b zarz\u0105dzaj\u0105cych oraz zajmuj\u0105cych si\u0119 dzia\u0142aniami og\u00f3lnorozwojowymi jst);<\/li><li>edukacja;<\/li><li>ochrona \u015brodowiska;<\/li><li>gospodarowanie nieruchomo\u015bciami;<\/li><li>podatki i op\u0142aty lokalne.<\/li><\/ul>\n\n\n\n<p>Organizatorzy zastrzegaj\u0105 sobie mo\u017cliwo\u015b\u0107 zmiany listy proponowanych temat\u00f3w.<\/p>\n\n\n\n<p>2. <strong>Szkolenia stacjonarne<\/strong>, tzw. <strong>Grupy Wymiany Do\u015bwiadcze\u0144<\/strong> (odb\u0119d\u0105 si\u0119 o ile przepisy i warunki epidemiczne na to pozwol\u0105) \u2013 skierowane do szczeg\u00f3lnie zainteresowanych jst; podczas tych spotka\u0144 zostanie przeprowadzona pog\u0142\u0119biona analiza danych w <strong>JEDNYM <\/strong>z wybranych przez jst obszar\u00f3w tematycznych:<\/p>\n\n\n\n<ul class=\"wp-block-list\"><li>edukacja: (1) przedszkola i szko\u0142y podstawowe wraz z us\u0142ugami pomocniczymi lub (2) edukacja ponadpodstawowa lub (3) edukacja specjalna oraz pomoc psychologiczno-pedagogiczna;<\/li><li>ochrona \u015brodowiska: (1) us\u0142ugi wodno-kanalizacyjne lub (2) odbi\u00f3r i zarz\u0105dzanie odpadami sta\u0142ymi;<\/li><li>gospodarowanie nieruchomo\u015bciami: us\u0142uga &#8211; wynajmowanie mieszka\u0144 od jst;<\/li><li>podatki i op\u0142aty lokalne.<\/li><\/ul>\n\n\n\n<p><strong>7. Czy ka\u017cdy mo\u017ce uczestniczy\u0107 we wszystkich szkoleniach?<\/strong><\/p>\n\n\n\n<p>Tak, jednak\u017ce z pewnymi ograniczeniami wynikaj\u0105cymi z liczby os\u00f3b wydelegowanych na szkolenia:<\/p>\n\n\n\n<ul class=\"wp-block-list\"><li>1 osoba z samorz\u0105du mo\u017ce uczestniczy\u0107 w jednym wybranym szkoleniu;<\/li><li>2 osoby z samorz\u0105du \u2013 obie uczestnicz\u0105 w tym samym szkoleniu stacjonarnym lub obie w szkoleniach online (dowolnych);<\/li><li>3 i wi\u0119cej os\u00f3b z samorz\u0105du \u2013 2 osoby uczestnicz\u0105 w tym samym szkoleniu stacjonarnym a pozosta\u0142e w szkoleniach online (dowolnych) lub wszyscy w szkoleniach online (dowolnych)<\/li><\/ul>\n\n\n\n<p><strong>Uwaga!<\/strong><br>W przypadku zg\u0142oszenia na GWD wymagana jest bezwarunkowa obecno\u015b\u0107 w pierwszym dniu pierwszego zjazdu. Nieobecno\u015b\u0107 spowoduje konieczno\u015b\u0107 odbycia dodatkowego szkolenia online.<\/p>\n\n\n\n<p><strong>8. Co zrobi\u0107 aby zg\u0142osi\u0107 JST do projektu?<\/strong><\/p>\n\n\n\n<p>Aby zg\u0142osi\u0107 sw\u00f3j udzia\u0142 w projekcie nale\u017cy wype\u0142ni\u0107 elektroniczny formularz zg\u0142oszeniowy kt\u00f3ry znajduje si\u0119 na stronie <strong><a href=\"https:\/\/www.smup.jst.org.pl\" target=\"_blank\" rel=\"noreferrer noopener\">www.smup.jst.org.pl<\/a><\/strong><\/p>\n\n\n\n<p>Po otrzymaniu zg\u0142oszenia prze\u015blemy Pa\u0144stwu projekt umowy dotycz\u0105cy udzia\u0142u w projekcie \u201eSystem Monitorowania Us\u0142ug Publicznych \u2013 wdro\u017cenie SMUP\u201d (tj. w szkoleniach) wraz z niezb\u0119dnymi za\u0142\u0105cznikami (m.in. deklaracjami dla uczestnik\u00f3w i zasadami uczestnictwa).<\/p>\n\n\n\n<p>Dopiero podpisanie przez jst umowy z organizatorem szkole\u0144 b\u0119dzie umo\u017cliwia\u0142o udzia\u0142 w projekcie.<\/p>\n\n\n\n<p><strong>9. Jakie informacje nale\u017cy poda\u0107 przy zg\u0142oszeniu?<\/strong><\/p>\n\n\n\n<p>Wype\u0142niaj\u0105c formularz zg\u0142oszeniowy b\u0119dziecie Pa\u0144stwo poproszeni o podanie nast\u0119puj\u0105cych informacji:<\/p>\n\n\n\n<ul class=\"wp-block-list\"><li>dane JST, tj.: nazwa JST; NIP JST; powiat; nazwa urz\u0119du; adres urz\u0119du; liczb\u0119 os\u00f3b zatrudnionych w urz\u0119dzie (liczbowo, a nie etatowo);<\/li><li>dane osoby do kontaktu, tj.: imi\u0119 i nazwisko, telefon s\u0142u\u017cbowy oraz s\u0142u\u017cbowy adres e-mail;<\/li><li>dane uczestnik\u00f3w zg\u0142oszonych na szkolenia, tj.: imi\u0119 i nazwisko, telefon s\u0142u\u017cbowy, s\u0142u\u017cbowy adres e-mail;<\/li><\/ul>\n\n\n\n<p>\u2013 oraz o zaznaczenie przy ka\u017cdej ze zg\u0142aszanych os\u00f3b jednej preferowanej formy szkoleniowej (\u015bcie\u017cki szkoleniowej: online lub GWD) i wybranego zakresu tematycznego.<\/p>\n\n\n\n<p><strong>10. Czy b\u0119dzie mo\u017cna zmieni\u0107 osoby zg\u0142oszone podczas rejestracji?<\/strong><\/p>\n\n\n\n<p>W wyj\u0105tkowych sytuacjach tak, jednak\u017ce ze wzgl\u0119d\u00f3w organizacyjnych, prosimy o przemy\u015blane zg\u0142aszanie uczestnictwa.<br>Wszelkie zmiany dotycz\u0105ce os\u00f3b zg\u0142oszonych na szkolenia, termin\u00f3w szkole\u0144 itp. nale\u017cy niezw\u0142ocznie kierowa\u0107 na wskazane poni\u017cej adresy e-mail lub zg\u0142asza\u0107 telefonicznie (pod numery wskazane w zak\u0142adce <strong><em><a rel=\"noreferrer noopener\" href=\"https:\/\/www.smup.jst.org.pl\/index.php\/contact-us\/\" target=\"_blank\">Kontakt<\/a><\/em><\/strong>).<\/p>\n\n\n\n<p><strong>11. Czy zg\u0142oszenie jest jednoznaczne z uczestnictwem w projekcie?<\/strong><\/p>\n\n\n\n<p>Nie. Po wype\u0142nieniu formularza zg\u0142oszeniowego (na stronie <a rel=\"noreferrer noopener\" href=\"https:\/\/www.smup.jst.org.pl\" target=\"_blank\">www.smup.jst.org.pl<\/a>), e-mailem otrzymaj\u0105 Pa\u0144stwo projekt umowy dotycz\u0105cy udzia\u0142u w projekcie \u201eSystem Monitorowania Us\u0142ug Publicznych \u2013 wdro\u017cenie SMUP\u201d (tj. szkoleniach) wraz z niezb\u0119dnymi za\u0142\u0105cznikami (m.in. deklaracjami dla uczestnik\u00f3w i zasadami uczestnictwa).<\/p>\n\n\n\n<p><strong>Warunkiem uczestnictwa w projekcie jest podpisanie umowy i odes\u0142anie jej do organizatora<\/strong>. Warunkiem dodatkowym jest tak\u017ce przes\u0142anie do organizatora (przed szkoleniem) wype\u0142nionego za\u0142\u0105cznika &#8211; tzw. PEFS &#8211; dla ka\u017cdej zg\u0142oszonej osoby.<\/p>\n\n\n\n<p>Ponadto liczba miejsc szkoleniowych jest ograniczona, a o zakwalifikowaniu do projektu zdecyduje kolejno\u015b\u0107 zg\u0142osze\u0144.<\/p>\n\n\n\n<p><strong>12. Dodatkowe pytania?<\/strong><\/p>\n\n\n\n<ul class=\"wp-block-list\"><li>przedstawiciele z powiat\u00f3w lub miast na prawach powiatu &#8211; ZPP: Tomasz Sma\u015b, tel. 18 477 86 03<\/li><li>przedstawiciele z gmin miejskich, miejsko-wiejskich i wiejskich &#8211; ZMP: El\u017cbieta Szarek, tel. 695 611 766<\/li><\/ul>\n","protected":false},"excerpt":{"rendered":"<p>Informacje na temat szkole\u0144 (Q&amp;A) 1. Kto finansuje szkolenia? Planowane szkolenia b\u0119d\u0105 realizowane w ramach projektu \u201eSystem Monitorowania Us\u0142ug Publicznych \u2013 wdro\u017cenie SMUP\u201d, wsp\u00f3\u0142finansowanego przez Uni\u0119 Europejsk\u0105 ze \u015brodk\u00f3w Europejskiego Funduszu Spo\u0142ecznego oraz bud\u017cetu pa\u0144stwa, w ramach Programu Operacyjnego Wiedza Edukacja Rozw\u00f3j. W zwi\u0105zku z tym b\u0119d\u0105 stosowane standardowe wymogi projekt\u00f3w unijnych, dotycz\u0105ce zar\u00f3wno podmiot\u00f3w, [&hellip;]<\/p>\n","protected":false},"author":1,"featured_media":0,"parent":0,"menu_order":0,"comment_status":"closed","ping_status":"closed","template":"","meta":{"footnotes":""},"class_list":["post-664","page","type-page","status-publish","hentry"],"_links":{"self":[{"href":"https:\/\/www.smup.jst.org.pl\/index.php\/wp-json\/wp\/v2\/pages\/664","targetHints":{"allow":["GET"]}}],"collection":[{"href":"https:\/\/www.smup.jst.org.pl\/index.php\/wp-json\/wp\/v2\/pages"}],"about":[{"href":"https:\/\/www.smup.jst.org.pl\/index.php\/wp-json\/wp\/v2\/types\/page"}],"author":[{"embeddable":true,"href":"https:\/\/www.smup.jst.org.pl\/index.php\/wp-json\/wp\/v2\/users\/1"}],"replies":[{"embeddable":true,"href":"https:\/\/www.smup.jst.org.pl\/index.php\/wp-json\/wp\/v2\/comments?post=664"}],"version-history":[{"count":28,"href":"https:\/\/www.smup.jst.org.pl\/index.php\/wp-json\/wp\/v2\/pages\/664\/revisions"}],"predecessor-version":[{"id":974,"href":"https:\/\/www.smup.jst.org.pl\/index.php\/wp-json\/wp\/v2\/pages\/664\/revisions\/974"}],"wp:attachment":[{"href":"https:\/\/www.smup.jst.org.pl\/index.php\/wp-json\/wp\/v2\/media?parent=664"}],"curies":[{"name":"wp","href":"https:\/\/api.w.org\/{rel}","templated":true}]}}